{"id":1001,"date":"2020-05-04T23:00:41","date_gmt":"2020-05-05T03:00:41","guid":{"rendered":"http:\/\/spiritual.premiumthemes.in\/?page_id=1001"},"modified":"2024-01-01T10:26:09","modified_gmt":"2024-01-01T14:26:09","slug":"home","status":"publish","type":"page","link":"https:\/\/comolasaguilas.cl\/cla\/","title":{"rendered":"Inicio"},"content":{"rendered":"[vc_row][vc_column width=&#8221;2\/3&#8243;]<div   ><div class=\"swm_dot_heading dot_h_left\" style=\"margin-bottom:30px;\"><div class=\"heading_text\" style=\"font-size:17px;\"><strong>ULTIMAS <span style=\"color: #da5455;\">PUBLICACIONES<\/span><\/strong><\/div><\/div><\/div><div   ><div class=\"recent_posts_square_posts\"><ul><li><div class=\"recent_posts_square_date\"><a href=\"https:\/\/comolasaguilas.cl\/cla\/vida-cristiana\/el-caracter-de-dios\/\" target=\"_self\">01<span class=\"d_month\">Ene<\/span><span class=\"d_year\">2024<\/span><\/a><\/div><div class=\"recent_posts_square_content\"><div class=\"recent_posts_square_title\"><a href=\"https:\/\/comolasaguilas.cl\/cla\/vida-cristiana\/el-caracter-de-dios\/\" target=\"_self\">El car\u00e1cter de Dios<\/a><\/div><p>\u00c9xodo 34:6-7 es la primera descripci\u00f3n de los atributos de Dios que se encuentra en las Escrituras y es el<\/p><div class=\"grid_date\"><span><i class=\"fa fa-user\"><\/i><a href=\"https:\/\/comolasaguilas.cl\/cla\/author\/admincla\/\">ComoLasAguilas.cl<\/a><\/span><span><i class=\"fa fa-comment-o\"><\/i><a href=\"https:\/\/comolasaguilas.cl\/cla\/vida-cristiana\/el-caracter-de-dios\/\" target=\"_self\">0 Comments<\/a><\/span><\/div><\/div><div class=\"clear\"><\/div><\/li><li><div class=\"recent_posts_square_date\"><a href=\"https:\/\/comolasaguilas.cl\/cla\/generales\/la-predicacion-expositiva\/\" target=\"_self\">22<span class=\"d_month\">Ene<\/span><span class=\"d_year\">2023<\/span><\/a><\/div><div class=\"recent_posts_square_content\"><div class=\"recent_posts_square_title\"><a href=\"https:\/\/comolasaguilas.cl\/cla\/generales\/la-predicacion-expositiva\/\" target=\"_self\">La predicaci\u00f3n expositiva<\/a><\/div><p>\u201cLa predicaci\u00f3n expositiva es la comunicaci\u00f3n de un concepto b\u00edblico, derivado de y trasmitido por un<\/p><div class=\"grid_date\"><span><i class=\"fa fa-user\"><\/i><a href=\"https:\/\/comolasaguilas.cl\/cla\/author\/admincla\/\">ComoLasAguilas.cl<\/a><\/span><span><i class=\"fa fa-comment-o\"><\/i><a href=\"https:\/\/comolasaguilas.cl\/cla\/generales\/la-predicacion-expositiva\/\" target=\"_self\">0 Comments<\/a><\/span><\/div><\/div><div class=\"clear\"><\/div><\/li><li><div class=\"recent_posts_square_date\"><a href=\"https:\/\/comolasaguilas.cl\/cla\/liderazgo\/una-iglesia-organizada-para-servir\/\" target=\"_self\">24<span class=\"d_month\">Oct<\/span><span class=\"d_year\">2022<\/span><\/a><\/div><div class=\"recent_posts_square_content\"><div class=\"recent_posts_square_title\"><a href=\"https:\/\/comolasaguilas.cl\/cla\/liderazgo\/una-iglesia-organizada-para-servir\/\" target=\"_self\">Una iglesia organizada para servir<\/a><\/div><p>Una iglesia organizada para servir En ning\u00fan otro hay salvaci\u00f3n, porque no hay otro nombre bajo el cielo<\/p><div class=\"grid_date\"><span><i class=\"fa fa-user\"><\/i><a href=\"https:\/\/comolasaguilas.cl\/cla\/author\/admincla\/\">ComoLasAguilas.cl<\/a><\/span><span><i class=\"fa fa-comment-o\"><\/i><a href=\"https:\/\/comolasaguilas.cl\/cla\/liderazgo\/una-iglesia-organizada-para-servir\/\" target=\"_self\">0 Comments<\/a><\/span><\/div><\/div><div class=\"clear\"><\/div><\/li><li><div class=\"recent_posts_square_date\"><a href=\"https:\/\/comolasaguilas.cl\/cla\/vida-cristiana\/el-unico-y-verdadero-sanador\/\" target=\"_self\">03<span class=\"d_month\">Oct<\/span><span class=\"d_year\">2022<\/span><\/a><\/div><div class=\"recent_posts_square_content\"><div class=\"recent_posts_square_title\"><a href=\"https:\/\/comolasaguilas.cl\/cla\/vida-cristiana\/el-unico-y-verdadero-sanador\/\" target=\"_self\">El \u00danico y Verdadero Sanador<\/a><\/div><p>El \u00danico y Verdadero Sanador En ning\u00fan otro hay salvaci\u00f3n, porque no hay otro nombre bajo el cielo dado a<\/p><div class=\"grid_date\"><span><i class=\"fa fa-user\"><\/i><a href=\"https:\/\/comolasaguilas.cl\/cla\/author\/admincla\/\">ComoLasAguilas.cl<\/a><\/span><span><i class=\"fa fa-comment-o\"><\/i><a href=\"https:\/\/comolasaguilas.cl\/cla\/vida-cristiana\/el-unico-y-verdadero-sanador\/\" target=\"_self\">0 Comments<\/a><\/span><\/div><\/div><div class=\"clear\"><\/div><\/li><li><div class=\"recent_posts_square_date\"><a href=\"https:\/\/comolasaguilas.cl\/cla\/vida-cristiana\/el-secreto-de-la-santidad\/\" target=\"_self\">27<span class=\"d_month\">Ago<\/span><span class=\"d_year\">2022<\/span><\/a><\/div><div class=\"recent_posts_square_content\"><div class=\"recent_posts_square_title\"><a href=\"https:\/\/comolasaguilas.cl\/cla\/vida-cristiana\/el-secreto-de-la-santidad\/\" target=\"_self\">El Secreto De La Santidad<\/a><\/div><p>El Secreto de La Santidad Meti\u00e9ndonos En El Mundo De Isa\u00edas Empezamos esta aventura en el cap\u00edtulo 6 del<\/p><div class=\"grid_date\"><span><i class=\"fa fa-user\"><\/i><a href=\"https:\/\/comolasaguilas.cl\/cla\/author\/admincla\/\">ComoLasAguilas.cl<\/a><\/span><span><i class=\"fa fa-comment-o\"><\/i><a href=\"https:\/\/comolasaguilas.cl\/cla\/vida-cristiana\/el-secreto-de-la-santidad\/\" target=\"_self\">0 Comments<\/a><\/span><\/div><\/div><div class=\"clear\"><\/div><\/li><\/ul><\/div><\/div><div class=\"clear\"><\/div><hr class=\"swm_gap\" style=\"margin:10px 0 0 0;\">[\/vc_column][vc_column width=&#8221;1\/3&#8243;]<div   ><div class=\"swm_dot_heading dot_h_left\" style=\"margin-bottom:30px;\"><div class=\"heading_text\" style=\"font-size:17px;\"><strong>\u00c1REAS DE <span style=\"color: #da5455;\">APOYO<\/span><\/strong><\/div><\/div><\/div><div   ><div class=\"swm_toggle_accordion_container\"><div data-id=\"closed\" class=\"toggle_box_accordion\"><span class=\"toggle_box_title_accordion\"><span class=\"title_icon\"><i class=\"fa fa-comments\"><\/i><\/span><span class=\"title_text \">Consejer\u00eda y Orientaci\u00f3n<i class=\"fa fa-plus-square-o openclose\"><\/i><i class=\"fa fa-minus-square-o openclose\"><\/i><\/span><\/span><div class=\"toggle_box_inner\"><img loading=\"lazy\" decoding=\"async\" class=\"alignnone wp-image-1545\" src=\"https:\/\/comolasaguilas.cl\/cla\/wp-content\/uploads\/2020\/05\/images.jpg\" alt=\"\" width=\"310\" height=\"217\" srcset=\"https:\/\/comolasaguilas.cl\/cla\/wp-content\/uploads\/2020\/05\/images.jpg 268w, https:\/\/comolasaguilas.cl\/cla\/wp-content\/uploads\/2020\/05\/images-152x107.jpg 152w\" sizes=\"auto, (max-width: 310px) 100vw, 310px\" \/><\/p>\n<div class=\"clear\"><\/div><hr class=\"swm_gap\" style=\"margin:10px 0 0 0;\">\n<p style=\"text-align: left;\"><strong>Consejer\u00eda y Orientaci\u00f3n<\/strong>. Si necesitas ayuda o alg\u00fan consejo para afrontar alguna situaci\u00f3n, tenemos a tu disposici\u00f3n nuestro sistema de consejer\u00eda para \u201cescucharte\u201d y ayudarte.<\/p>\n<\/div><\/div><div data-id=\"closed\" class=\"toggle_box_accordion\"><span class=\"toggle_box_title_accordion\"><span class=\"title_icon\"><i class=\"fa fa-crosshairs\"><\/i><\/span><span class=\"title_text \">Iglesia y Crecimiento Espiritual<i class=\"fa fa-plus-square-o openclose\"><\/i><i class=\"fa fa-minus-square-o openclose\"><\/i><\/span><\/span><div class=\"toggle_box_inner\">\n<p style=\"text-align: left;\">Erecimiento espiritual, en la vida del cristiano, depende de una buena relaci\u00f3n con el Dios que nos ama y procura nuestro bien. ComoLasAguilas.cl provee es el espacio y recursos para las personas, y la iglesia de Dios, para poder tener una experiencia real y racional lo que fortalece el andar diario.<\/p>\n<\/div><\/div><div data-id=\"closed\" class=\"toggle_box_accordion\"><span class=\"toggle_box_title_accordion\"><span class=\"title_icon\"><i class=\"fa fa-gavel\"><\/i><\/span><span class=\"title_text \">Matrimonio y Familias<i class=\"fa fa-plus-square-o openclose\"><\/i><i class=\"fa fa-minus-square-o openclose\"><\/i><\/span><\/span><div class=\"toggle_box_inner\">\n<p style=\"text-align: left;\"><img loading=\"lazy\" decoding=\"async\" class=\"alignnone wp-image-1549\" src=\"https:\/\/comolasaguilas.cl\/cla\/wp-content\/uploads\/2020\/05\/Matrimonio_Familia-300x169.jpg\" alt=\"\" width=\"310\" height=\"174\" srcset=\"https:\/\/comolasaguilas.cl\/cla\/wp-content\/uploads\/2020\/05\/Matrimonio_Familia-300x169.jpg 300w, https:\/\/comolasaguilas.cl\/cla\/wp-content\/uploads\/2020\/05\/Matrimonio_Familia.jpg 600w\" sizes=\"auto, (max-width: 310px) 100vw, 310px\" \/><\/p>\n<p style=\"text-align: left;\">Art\u00edculos y reflexiones para apoyar, fortalecer y bendedir al matrimonio y la familia .<\/p>\n<\/div><\/div><\/div><\/div>[\/vc_column][\/vc_row][vc_row][vc_column]<div  class=\"clear\" ><\/div><div class=\"clear\"><\/div><hr class=\"swm_gap\" style=\"margin:30px 0 0 0;\"><div   ><div class=\"swm_dot_heading dot_h_left\" style=\"margin-bottom:30px;\"><div class=\"heading_text\" style=\"font-size:17px;\"><strong>M\u00fasica y Reflexiones Cristianas, Escucha <a href=\"https:\/\/www.radioaguilas.cl\/\" target=\"_blank\" rel=\"noopener\"><span style=\"color: #da5455;\">RADIOAGUILAS.CL<\/span><\/a><\/strong><\/div><\/div><\/div><div   ><div class=\"swm_raw swm_latest_events\"><\/div><\/div><div class=\"clear\"><\/div><hr class=\"swm_gap\" style=\"margin:30px 0 0 0;\"><div class=\"clear\"><\/div><div   ><div class=\"swm_promotion_box \"><div class=\"left \"><div class=\"title_text\"  style=\"font-size:20px; color:#333333;\">\u00bfQuieres ser editor o colaborador de este blog?<div class=\"sub_title\" style=\"color:#666666; font-size:13px;\">T\u00fa puedes ser parte del equipo de colaboradores de contenidos para este blog. Revisar el perfil y completar el formulario.<\/div><\/div><\/div><div class=\"right\"><a href=\"https:\/\/forms.gle\/c5yoPpumfstNwcbS8\" class=\"swm_button large square skin_color\" target=\"_blank\">FORMULARIO EDITORES!<\/a><\/div><div class=\"clear\"><\/div><\/div><\/div><div class=\"clear\"><\/div><hr class=\"swm_gap\" style=\"margin:70px 0 0 0;\">[vc_row_inner][vc_column_inner width=&#8221;1\/2&#8243;]<div   ><div class=\"swm_dot_heading dot_h_left\" style=\"margin-bottom:30px;\"><div class=\"heading_text\" style=\"font-size:17px;\"><strong>REFLEXI\u00d3N <span style=\"color: #da5455;\">RECIENTE<\/span><\/strong><\/div><\/div><\/div><div   ><div class=\"swm_sermons_sort swm_sermons recent_sermons_sc\"><div class=\"swm-infinite-item-selector swm_sermons_box swm_sermons_isotope swm_sermons_item  \"><div class=\"swm_sermons_top\"><div class=\"swm_sermons_date_meta\"><div class=\"swm_sermons_date\"><span class=\"sermon_date\">25<\/span><span class=\"sermon_day\">Dic<\/span>\t<\/div><div class=\"swm_sermons_meta\"><ul><li><a href=\"https:\/\/comolasaguilas.cl\/cla\/the-sermons\/nos-ha-nacido-un-nino\/#getVideo\" class=\"tipUp\" title=\"Video\"><i class=\"fa fa-video-camera\"><\/i><\/a><\/li><li><a href=\"https:\/\/comolasaguilas.cl\/cla\/the-sermons\/nos-ha-nacido-un-nino\/#getAudio\" class=\"tipUp\" title=\"Audio\"><i class=\"fa fa-headphones\"><\/i><\/a><\/li><li><a href=\"https:\/\/comolasaguilas.cl\/recursos\/reflexiones-pdf\/Reflexi\u00f3n%20-%20Nos%20ha%20nacido%20un%20Ni\u00f1o%2C%20un%20Hijo%20se%20nos%20ha%20dado%20%5BComoLasAguilas.cl%5D.pdf\" class=\"tipUp\" title=\"PDF\" target=\"_blank\"><i class=\"fa fa-download\"><\/i><\/a><\/li><li><a href=\"https:\/\/comolasaguilas.cl\/cla\/sermons\/\" class=\"tipUp\" title=\"More Details\" target=\"_blank\"><i class=\"fa fa-book\"><\/i><\/a><\/li><\/ul><\/div><\/div><div class=\"swm_sermons_img\"><a href=\"https:\/\/comolasaguilas.cl\/cla\/the-sermons\/nos-ha-nacido-un-nino\/\" title=\"Nos ha nacido un Ni\u00f1o, un Hijo se nos ha dado\"><img loading=\"lazy\" decoding=\"async\" width=\"300\" height=\"300\" src=\"https:\/\/comolasaguilas.cl\/cla\/wp-content\/uploads\/2016\/12\/UnHijoNacido-300x300.png\" class=\"attachment-medium size-medium wp-post-image\" alt=\"\" srcset=\"https:\/\/comolasaguilas.cl\/cla\/wp-content\/uploads\/2016\/12\/UnHijoNacido-300x300.png 300w, https:\/\/comolasaguilas.cl\/cla\/wp-content\/uploads\/2016\/12\/UnHijoNacido-150x150.png 150w, https:\/\/comolasaguilas.cl\/cla\/wp-content\/uploads\/2016\/12\/UnHijoNacido-75x75.png 75w, https:\/\/comolasaguilas.cl\/cla\/wp-content\/uploads\/2016\/12\/UnHijoNacido.png 700w\" sizes=\"auto, (max-width: 300px) 100vw, 300px\" \/><\/a><\/div><\/div><div class=\"swm_sermons_content\"><div class=\"swm_sermons_title\"><h2><a href=\"https:\/\/comolasaguilas.cl\/cla\/the-sermons\/nos-ha-nacido-un-nino\/\" target=\"_self\">Nos ha nacido un Ni\u00f1o, un Hijo se nos ha dado<\/a><\/h2><div class=\"swm_sermons_text\"><p>Jes\u00fas: naci\u00f3 en Bel\u00e9n. Fue un nacimiento real, un beb\u00e9 de carne y hueso. Anunciado m\u00e1s de 700 a\u00f1os antes.\r\n\r\nLa historia relata que Jes\u00fas:<\/p><a href=\"https:\/\/comolasaguilas.cl\/cla\/the-sermons\/nos-ha-nacido-un-nino\/\" target=\"_self\" class=\"p_continue_reading\">Leer m\u00e1s... <i class=\"fa fa-angle-right\"><\/i><\/a><\/div><\/div><\/div><\/div><div class=\"clear\"><\/div><\/div><\/div>[\/vc_column_inner][vc_column_inner width=&#8221;1\/2&#8243;]<div   ><div class=\"swm_dot_heading dot_h_left\" style=\"margin-bottom:30px;\"><div class=\"heading_text\" style=\"font-size:17px;\"><strong>REFLEXIONES <span style=\"color: #da5455;\">COMOLASAGUILAS.CL<\/span><\/strong><\/div><\/div><\/div>[vc_raw_html]JTVCYWlfcGxheWxpc3QlMjBpZCUzRCUyMjE3NTIlMjIlNUQ=[\/vc_raw_html][\/vc_column_inner][\/vc_row_inner][\/vc_column][\/vc_row][vc_row][vc_column][vc_column_text]<strong>Instituto B\u00edblico AMEN<\/strong>, uniendo al Pueblo de Dios por medio de la Educaci\u00f3n Cristiana, vis\u00edtanos en <em><strong><a href=\"https:\/\/www.amen.cl\/\" target=\"_blank\" rel=\"noopener\">www.amen.cl<\/a><\/strong><\/em>[\/vc_column_text][\/vc_column][\/vc_row]\n","protected":false},"excerpt":{"rendered":"<p>[vc_row][vc_column width=&#8221;2\/3&#8243;][\/vc_column][vc_column width=&#8221;1\/3&#8243;][\/vc_column][\/vc_row][vc_row][vc_column][vc_row_inner][vc_column_inner width=&#8221;1\/2&#8243;][\/vc_column_inner][vc_column_inner width=&#8221;1\/2&#8243;][vc_raw_html]JTVCYWlfcGxheWxpc3QlMjBpZCUzRCUyMjE3NTIlMjIlNUQ=[\/vc_raw_html][\/vc_column_inner][\/vc_row_inner][\/vc_column][\/vc_row][vc_row][vc_column][vc_column_text]Instituto B\u00edblico AMEN, uniendo al Pueblo de Dios por medio de la Educaci\u00f3n Cristiana, vis\u00edtanos en www.amen.cl[\/vc_column_text][\/vc_column][\/vc_row]<\/p>\n","protected":false},"author":1,"featured_media":0,"parent":0,"menu_order":0,"comment_status":"closed","ping_status":"closed","template":"","meta":{"footnotes":""},"class_list":["post-1001","page","type-page","status-publish","hentry"],"yoast_head":"<!-- This site is optimized with the Yoast SEO plugin v24.6 - https:\/\/yoast.com\/wordpress\/plugins\/seo\/ -->\n<title>Inicio - ComoLasAguilas.cl<\/title>\n<meta name=\"robots\" content=\"index, follow, max-snippet:-1, max-image-preview:large, max-video-preview:-1\" \/>\n<link rel=\"canonical\" href=\"https:\/\/comolasaguilas.cl\/cla\/\" \/>\n<meta property=\"og:locale\" content=\"es_ES\" \/>\n<meta property=\"og:type\" content=\"article\" \/>\n<meta property=\"og:title\" content=\"Inicio - ComoLasAguilas.cl\" \/>\n<meta property=\"og:description\" content=\"[vc_row][vc_column width=&#8221;2\/3&#8243;][\/vc_column][vc_column width=&#8221;1\/3&#8243;][\/vc_column][\/vc_row][vc_row][vc_column][vc_row_inner][vc_column_inner width=&#8221;1\/2&#8243;][\/vc_column_inner][vc_column_inner width=&#8221;1\/2&#8243;][vc_raw_html]JTVCYWlfcGxheWxpc3QlMjBpZCUzRCUyMjE3NTIlMjIlNUQ=[\/vc_raw_html][\/vc_column_inner][\/vc_row_inner][\/vc_column][\/vc_row][vc_row][vc_column][vc_column_text]Instituto B\u00edblico AMEN, uniendo al Pueblo de Dios por medio de la Educaci\u00f3n Cristiana, vis\u00edtanos en www.amen.cl[\/vc_column_text][\/vc_column][\/vc_row]\" \/>\n<meta property=\"og:url\" content=\"https:\/\/comolasaguilas.cl\/cla\/\" \/>\n<meta property=\"og:site_name\" content=\"ComoLasAguilas.cl\" \/>\n<meta property=\"article:modified_time\" content=\"2024-01-01T14:26:09+00:00\" \/>\n<meta property=\"og:image\" content=\"https:\/\/comolasaguilas.cl\/cla\/wp-content\/uploads\/2020\/05\/images.jpg\" \/>\n<meta name=\"twitter:card\" content=\"summary_large_image\" \/>\n<meta name=\"twitter:label1\" content=\"Tiempo de lectura\" \/>\n\t<meta name=\"twitter:data1\" content=\"2 minutos\" \/>\n<script type=\"application\/ld+json\" class=\"yoast-schema-graph\">{\"@context\":\"https:\/\/schema.org\",\"@graph\":[{\"@type\":\"WebPage\",\"@id\":\"https:\/\/comolasaguilas.cl\/cla\/\",\"url\":\"https:\/\/comolasaguilas.cl\/cla\/\",\"name\":\"Inicio - ComoLasAguilas.cl\",\"isPartOf\":{\"@id\":\"https:\/\/comolasaguilas.cl\/cla\/#website\"},\"primaryImageOfPage\":{\"@id\":\"https:\/\/comolasaguilas.cl\/cla\/#primaryimage\"},\"image\":{\"@id\":\"https:\/\/comolasaguilas.cl\/cla\/#primaryimage\"},\"thumbnailUrl\":\"https:\/\/comolasaguilas.cl\/cla\/wp-content\/uploads\/2020\/05\/images.jpg\",\"datePublished\":\"2020-05-05T03:00:41+00:00\",\"dateModified\":\"2024-01-01T14:26:09+00:00\",\"breadcrumb\":{\"@id\":\"https:\/\/comolasaguilas.cl\/cla\/#breadcrumb\"},\"inLanguage\":\"es\",\"potentialAction\":[{\"@type\":\"ReadAction\",\"target\":[\"https:\/\/comolasaguilas.cl\/cla\/\"]}]},{\"@type\":\"ImageObject\",\"inLanguage\":\"es\",\"@id\":\"https:\/\/comolasaguilas.cl\/cla\/#primaryimage\",\"url\":\"https:\/\/comolasaguilas.cl\/cla\/wp-content\/uploads\/2020\/05\/images.jpg\",\"contentUrl\":\"https:\/\/comolasaguilas.cl\/cla\/wp-content\/uploads\/2020\/05\/images.jpg\",\"width\":268,\"height\":188},{\"@type\":\"BreadcrumbList\",\"@id\":\"https:\/\/comolasaguilas.cl\/cla\/#breadcrumb\",\"itemListElement\":[{\"@type\":\"ListItem\",\"position\":1,\"name\":\"Portada\",\"item\":\"https:\/\/comolasaguilas.cl\/cla\/\"},{\"@type\":\"ListItem\",\"position\":2,\"name\":\"Inicio\"}]},{\"@type\":\"WebSite\",\"@id\":\"https:\/\/comolasaguilas.cl\/cla\/#website\",\"url\":\"https:\/\/comolasaguilas.cl\/cla\/\",\"name\":\"ComoLasAguilas.cl\",\"description\":\"Poder - Valor - Excelencia\",\"potentialAction\":[{\"@type\":\"SearchAction\",\"target\":{\"@type\":\"EntryPoint\",\"urlTemplate\":\"https:\/\/comolasaguilas.cl\/cla\/?s={search_term_string}\"},\"query-input\":{\"@type\":\"PropertyValueSpecification\",\"valueRequired\":true,\"valueName\":\"search_term_string\"}}],\"inLanguage\":\"es\"}]}<\/script>\n<!-- \/ Yoast SEO plugin. -->","yoast_head_json":{"title":"Inicio - ComoLasAguilas.cl","robots":{"index":"index","follow":"follow","max-snippet":"max-snippet:-1","max-image-preview":"max-image-preview:large","max-video-preview":"max-video-preview:-1"},"canonical":"https:\/\/comolasaguilas.cl\/cla\/","og_locale":"es_ES","og_type":"article","og_title":"Inicio - ComoLasAguilas.cl","og_description":"[vc_row][vc_column width=&#8221;2\/3&#8243;][\/vc_column][vc_column width=&#8221;1\/3&#8243;][\/vc_column][\/vc_row][vc_row][vc_column][vc_row_inner][vc_column_inner width=&#8221;1\/2&#8243;][\/vc_column_inner][vc_column_inner width=&#8221;1\/2&#8243;][vc_raw_html]JTVCYWlfcGxheWxpc3QlMjBpZCUzRCUyMjE3NTIlMjIlNUQ=[\/vc_raw_html][\/vc_column_inner][\/vc_row_inner][\/vc_column][\/vc_row][vc_row][vc_column][vc_column_text]Instituto B\u00edblico AMEN, uniendo al Pueblo de Dios por medio de la Educaci\u00f3n Cristiana, vis\u00edtanos en www.amen.cl[\/vc_column_text][\/vc_column][\/vc_row]","og_url":"https:\/\/comolasaguilas.cl\/cla\/","og_site_name":"ComoLasAguilas.cl","article_modified_time":"2024-01-01T14:26:09+00:00","og_image":[{"url":"https:\/\/comolasaguilas.cl\/cla\/wp-content\/uploads\/2020\/05\/images.jpg","type":"","width":"","height":""}],"twitter_card":"summary_large_image","twitter_misc":{"Tiempo de lectura":"2 minutos"},"schema":{"@context":"https:\/\/schema.org","@graph":[{"@type":"WebPage","@id":"https:\/\/comolasaguilas.cl\/cla\/","url":"https:\/\/comolasaguilas.cl\/cla\/","name":"Inicio - ComoLasAguilas.cl","isPartOf":{"@id":"https:\/\/comolasaguilas.cl\/cla\/#website"},"primaryImageOfPage":{"@id":"https:\/\/comolasaguilas.cl\/cla\/#primaryimage"},"image":{"@id":"https:\/\/comolasaguilas.cl\/cla\/#primaryimage"},"thumbnailUrl":"https:\/\/comolasaguilas.cl\/cla\/wp-content\/uploads\/2020\/05\/images.jpg","datePublished":"2020-05-05T03:00:41+00:00","dateModified":"2024-01-01T14:26:09+00:00","breadcrumb":{"@id":"https:\/\/comolasaguilas.cl\/cla\/#breadcrumb"},"inLanguage":"es","potentialAction":[{"@type":"ReadAction","target":["https:\/\/comolasaguilas.cl\/cla\/"]}]},{"@type":"ImageObject","inLanguage":"es","@id":"https:\/\/comolasaguilas.cl\/cla\/#primaryimage","url":"https:\/\/comolasaguilas.cl\/cla\/wp-content\/uploads\/2020\/05\/images.jpg","contentUrl":"https:\/\/comolasaguilas.cl\/cla\/wp-content\/uploads\/2020\/05\/images.jpg","width":268,"height":188},{"@type":"BreadcrumbList","@id":"https:\/\/comolasaguilas.cl\/cla\/#breadcrumb","itemListElement":[{"@type":"ListItem","position":1,"name":"Portada","item":"https:\/\/comolasaguilas.cl\/cla\/"},{"@type":"ListItem","position":2,"name":"Inicio"}]},{"@type":"WebSite","@id":"https:\/\/comolasaguilas.cl\/cla\/#website","url":"https:\/\/comolasaguilas.cl\/cla\/","name":"ComoLasAguilas.cl","description":"Poder - Valor - Excelencia","potentialAction":[{"@type":"SearchAction","target":{"@type":"EntryPoint","urlTemplate":"https:\/\/comolasaguilas.cl\/cla\/?s={search_term_string}"},"query-input":{"@type":"PropertyValueSpecification","valueRequired":true,"valueName":"search_term_string"}}],"inLanguage":"es"}]}},"_links":{"self":[{"href":"https:\/\/comolasaguilas.cl\/cla\/wp-json\/wp\/v2\/pages\/1001","targetHints":{"allow":["GET"]}}],"collection":[{"href":"https:\/\/comolasaguilas.cl\/cla\/wp-json\/wp\/v2\/pages"}],"about":[{"href":"https:\/\/comolasaguilas.cl\/cla\/wp-json\/wp\/v2\/types\/page"}],"author":[{"embeddable":true,"href":"https:\/\/comolasaguilas.cl\/cla\/wp-json\/wp\/v2\/users\/1"}],"replies":[{"embeddable":true,"href":"https:\/\/comolasaguilas.cl\/cla\/wp-json\/wp\/v2\/comments?post=1001"}],"version-history":[{"count":34,"href":"https:\/\/comolasaguilas.cl\/cla\/wp-json\/wp\/v2\/pages\/1001\/revisions"}],"predecessor-version":[{"id":2309,"href":"https:\/\/comolasaguilas.cl\/cla\/wp-json\/wp\/v2\/pages\/1001\/revisions\/2309"}],"wp:attachment":[{"href":"https:\/\/comolasaguilas.cl\/cla\/wp-json\/wp\/v2\/media?parent=1001"}],"curies":[{"name":"wp","href":"https:\/\/api.w.org\/{rel}","templated":true}]}}